{"id":1384,"date":"2025-02-08T14:19:53","date_gmt":"2025-02-08T13:19:53","guid":{"rendered":"https:\/\/molojo.eu\/?post_type=product&#038;p=1384"},"modified":"2025-12-13T18:34:50","modified_gmt":"2025-12-13T17:34:50","slug":"skorki-gimnastyczne-molojo-gorilla-no-chalk","status":"publish","type":"product","link":"https:\/\/molojo.eu\/index.php\/product\/skorki-gimnastyczne-molojo-gorilla-no-chalk\/","title":{"rendered":"Sk\u00f3rki Gimnastyczne Molojo Gorilla No Chalk"},"content":{"rendered":"<div id=\"model-response-message-contentr_6c49d978cfbc8ccf\" class=\"markdown markdown-main-panel\" dir=\"ltr\">\n<p data-sourcepos=\"1:1-1:27\"><strong>Sk\u00f3rki Gimnastyczne Molojo Gorilla No Chalk<\/strong><\/p>\n<p data-sourcepos=\"1:1-1:27\">Ulepsz sw\u00f3j trening dzi\u0119ki naszym nowym sk\u00f3rkom gimnastycznym!<\/p>\n<p data-sourcepos=\"5:1-5:292\">Szukasz sk\u00f3rek gimnastycznych, kt\u00f3re zapewni\u0105 Ci jeszcze lepszy chwyt i komfort podczas treningu? Mamy dla Ciebie idealne rozwi\u0105zanie &#8211; Molojo Gorilla. Nasz nowy produkt zosta\u0142 zaprojektowany z my\u015bl\u0105 o najbardziej wymagaj\u0105cych sportowcach, kt\u00f3rzy ceni\u0105 sobie jako\u015b\u0107 i innowacyjne rozwi\u0105zania.<\/p>\n<p data-sourcepos=\"7:1-7:18\">Molojo Gorilla to:<\/p>\n<ul data-sourcepos=\"9:1-12:0\">\n<li data-sourcepos=\"9:1-9:244\"><strong>L\u017cejsze i bardziej odporne materia\u0142y:<\/strong> Dzi\u0119ki zastosowaniu nowoczesnych materia\u0142\u00f3w, nasze sk\u00f3rki s\u0105 jeszcze l\u017cejsze i bardziej wytrzyma\u0142e ni\u017c kiedykolwiek wcze\u015bniej. Mo\u017cesz trenowa\u0107 jeszcze d\u0142u\u017cej i intensywniej, bez obaw o uszkodzenie sk\u00f3rek.<\/li>\n<li data-sourcepos=\"10:1-10:216\"><strong>Nowa, ulepszona warstwa antypo\u015blizgowa:<\/strong> Specjalna warstwa antypo\u015blizgowa zapewnia jeszcze lepszy chwyt, nawet podczas najbardziej wymagaj\u0105cych \u0107wicze\u0144. Mo\u017cesz by\u0107 pewien, \u017ce Twoje d\u0142onie b\u0119d\u0105 bezpieczne i stabilne.<\/li>\n<li data-sourcepos=\"11:1-12:0\"><strong>Nowy, super szeroki pasek:<\/strong> Nowy, super szeroki pasek zapewnia jeszcze lepsze dopasowanie i komfort. Sk\u00f3rki idealnie le\u017c\u0105 na d\u0142oni, nie powoduj\u0105c otar\u0107 ani dyskomfortu.<\/li>\n<\/ul>\n<p data-sourcepos=\"13:1-13:180\">Molojo Gorilla to idealny wyb\u00f3r dla sportowc\u00f3w, kt\u00f3rzy chc\u0105 osi\u0105ga\u0107 jeszcze lepsze wyniki. Dzi\u0119ki naszym nowym sk\u00f3rkom, Tw\u00f3j trening b\u0119dzie jeszcze bardziej efektywny i komfortowy.<\/p>\n<p data-sourcepos=\"15:1-15:35\"><strong>Zam\u00f3w ju\u017c dzi\u015b i przekonaj si\u0119 sam!<\/strong><\/p>\n<p data-sourcepos=\"15:1-15:35\">W zestawie torba i opaski na nadgarstki.<\/p>\n<\/div>\n","protected":false},"excerpt":{"rendered":"<p>Sk\u00f3rki Gimnastyczne Molojo Gorilla No Chalk Ulepsz sw\u00f3j trening dzi\u0119ki naszym nowym sk\u00f3rkom gimnastycznym! Szukasz sk\u00f3rek gimnastycznych, kt\u00f3re zapewni\u0105 Ci [&hellip;]<\/p>\n","protected":false},"featured_media":1579,"comment_status":"open","ping_status":"closed","template":"","meta":{"_uag_custom_page_level_css":"","site-sidebar-layout":"default","site-content-layout":"","ast-site-content-layout":"default","site-content-style":"default","site-sidebar-style":"default","ast-global-header-display":"","ast-banner-title-visibility":"","ast-main-header-display":"","ast-hfb-above-header-display":"","ast-hfb-below-header-display":"","ast-hfb-mobile-header-display":"","site-post-title":"","ast-breadcrumbs-content":"","ast-featured-img":"","footer-sml-layout":"","theme-transparent-header-meta":"default","adv-header-id-meta":"","stick-header-meta":"","header-above-stick-meta":"","header-main-stick-meta":"","header-below-stick-meta":"","astra-migrate-meta-layouts":"set","ast-page-background-enabled":"default","ast-page-background-meta":{"desktop":{"background-color":"var(--ast-global-color-4)","background-image":"","background-repeat":"repeat","background-position":"center center","background-size":"auto","background-attachment":"scroll","background-type":"","background-media":"","overlay-type":"","overlay-color":"","overlay-opacity":"","overlay-gradient":""},"tablet":{"background-color":"","background-image":"","background-repeat":"repeat","background-position":"center center","background-size":"auto","background-attachment":"scroll","background-type":"","background-media":"","overlay-type":"","overlay-color":"","overlay-opacity":"","overlay-gradient":""},"mobile":{"background-color":"","background-image":"","background-repeat":"repeat","background-position":"center center","background-size":"auto","background-attachment":"scroll","background-type":"","background-media":"","overlay-type":"","overlay-color":"","overlay-opacity":"","overlay-gradient":""}},"ast-content-background-meta":{"desktop":{"background-color":"var(--ast-global-color-5)","background-image":"","background-repeat":"repeat","background-position":"center center","background-size":"auto","background-attachment":"scroll","background-type":"","background-media":"","overlay-type":"","overlay-color":"","overlay-opacity":"","overlay-gradient":""},"tablet":{"background-color":"var(--ast-global-color-5)","background-image":"","background-repeat":"repeat","background-position":"center center","background-size":"auto","background-attachment":"scroll","background-type":"","background-media":"","overlay-type":"","overlay-color":"","overlay-opacity":"","overlay-gradient":""},"mobile":{"background-color":"var(--ast-global-color-5)","background-image":"","background-repeat":"repeat","background-position":"center center","background-size":"auto","background-attachment":"scroll","background-type":"","background-media":"","overlay-type":"","overlay-color":"","overlay-opacity":"","overlay-gradient":""}}},"product_brand":[],"product_cat":[81],"product_tag":[],"class_list":{"0":"post-1384","1":"product","2":"type-product","3":"status-publish","4":"has-post-thumbnail","6":"product_cat-skorki-gimnastyczne","7":"desktop-align-left","8":"tablet-align-left","9":"mobile-align-left","11":"first","12":"instock","13":"taxable","14":"shipping-taxable","15":"purchasable","16":"product-type-simple"},"uagb_featured_image_src":{"full":["https:\/\/molojo.eu\/wp-content\/uploads\/2025\/02\/gorilla-copi-2.jpg",731,779,false],"thumbnail":["https:\/\/molojo.eu\/wp-content\/uploads\/2025\/02\/gorilla-copi-2-150x150.jpg",150,150,true],"medium":["https:\/\/molojo.eu\/wp-content\/uploads\/2025\/02\/gorilla-copi-2-282x300.jpg",282,300,true],"medium_large":["https:\/\/molojo.eu\/wp-content\/uploads\/2025\/02\/gorilla-copi-2.jpg",731,779,false],"large":["https:\/\/molojo.eu\/wp-content\/uploads\/2025\/02\/gorilla-copi-2.jpg",731,779,false],"1536x1536":["https:\/\/molojo.eu\/wp-content\/uploads\/2025\/02\/gorilla-copi-2.jpg",731,779,false],"2048x2048":["https:\/\/molojo.eu\/wp-content\/uploads\/2025\/02\/gorilla-copi-2.jpg",731,779,false],"woocommerce_thumbnail":["https:\/\/molojo.eu\/wp-content\/uploads\/2025\/02\/gorilla-copi-2-300x300.jpg",300,300,true],"woocommerce_single":["https:\/\/molojo.eu\/wp-content\/uploads\/2025\/02\/gorilla-copi-2-600x639.jpg",600,639,true],"woocommerce_gallery_thumbnail":["https:\/\/molojo.eu\/wp-content\/uploads\/2025\/02\/gorilla-copi-2-100x100.jpg",100,100,true],"dgwt-wcas-product-suggestion":["https:\/\/molojo.eu\/wp-content\/uploads\/2025\/02\/gorilla-copi-2-64x68.jpg",64,68,true]},"uagb_author_info":{"display_name":"betzenuhya","author_link":"https:\/\/molojo.eu\/index.php\/author\/"},"uagb_comment_info":5,"uagb_excerpt":"Sk\u00f3rki Gimnastyczne Molojo Gorilla No Chalk Ulepsz sw\u00f3j trening dzi\u0119ki naszym nowym sk\u00f3rkom gimnastycznym! Szukasz sk\u00f3rek gimnastycznych, kt\u00f3re zapewni\u0105 Ci [&hellip;]","jetpack_sharing_enabled":true,"_links":{"self":[{"href":"https:\/\/molojo.eu\/index.php\/wp-json\/wp\/v2\/product\/1384","targetHints":{"allow":["GET"]}}],"collection":[{"href":"https:\/\/molojo.eu\/index.php\/wp-json\/wp\/v2\/product"}],"about":[{"href":"https:\/\/molojo.eu\/index.php\/wp-json\/wp\/v2\/types\/product"}],"replies":[{"embeddable":true,"href":"https:\/\/molojo.eu\/index.php\/wp-json\/wp\/v2\/comments?post=1384"}],"wp:featuredmedia":[{"embeddable":true,"href":"https:\/\/molojo.eu\/index.php\/wp-json\/wp\/v2\/media\/1579"}],"wp:attachment":[{"href":"https:\/\/molojo.eu\/index.php\/wp-json\/wp\/v2\/media?parent=1384"}],"wp:term":[{"taxonomy":"product_brand","embeddable":true,"href":"https:\/\/molojo.eu\/index.php\/wp-json\/wp\/v2\/product_brand?post=1384"},{"taxonomy":"product_cat","embeddable":true,"href":"https:\/\/molojo.eu\/index.php\/wp-json\/wp\/v2\/product_cat?post=1384"},{"taxonomy":"product_tag","embeddable":true,"href":"https:\/\/molojo.eu\/index.php\/wp-json\/wp\/v2\/product_tag?post=1384"}],"curies":[{"name":"wp","href":"https:\/\/api.w.org\/{rel}","templated":true}]}}