{"id":1240,"date":"2024-09-28T15:16:40","date_gmt":"2024-09-28T13:16:40","guid":{"rendered":"https:\/\/molojo.eu\/?post_type=product&#038;p=1240"},"modified":"2025-02-21T18:53:47","modified_gmt":"2025-02-21T17:53:47","slug":"skorki-gimnastyczne-molojo-monkey-no-chalk","status":"publish","type":"product","link":"https:\/\/molojo.eu\/index.php\/product\/skorki-gimnastyczne-molojo-monkey-no-chalk\/","title":{"rendered":"Sk\u00f3rki Gimnastyczne Molojo Monkey No Chalk"},"content":{"rendered":"<p>&nbsp;<\/p>\n<p><strong>Sk\u00f3rki Gimnastyczne Molojo: Wspomagaj sw\u00f3j trening bez magnezu!<\/strong><\/p>\n<p data-sourcepos=\"7:3-7:319\">Nasze Sk\u00f3rki Gimnastyczne Molojo to idealne rozwi\u0105zanie dla sportowc\u00f3w szukaj\u0105cych pewnego i trwa\u0142ego chwytu bez konieczno\u015bci u\u017cywania magnezu. Zaprojektowane tak, aby poprawi\u0107 twoje wyniki przy ka\u017cdym powt\u00f3rzeniu.\u00a0 Zapewni\u0105 Ci ochron\u0119 i wsparcie,\u00a0 kt\u00f3rych potrzebujesz, aby osi\u0105gn\u0105\u0107 swoje cele.<\/p>\n<p data-sourcepos=\"9:3-9:12\"><strong>Cechy:<\/strong><\/p>\n<ul data-sourcepos=\"11:3-15:1\">\n<li data-sourcepos=\"11:3-11:220\"><strong>Wi\u0119kszy komfort:<\/strong> Wykonane z szerokiego materia\u0142u i pokryte piank\u0105, nasze ochraniacze idealnie dopasowuj\u0105 si\u0119 do Twoich nadgarstk\u00f3w, zapewniaj\u0105c mi\u0119kkie i amortyzuj\u0105ce uczucie, kt\u00f3re zmniejsza zm\u0119czenie i otarcia.<\/li>\n<li data-sourcepos=\"12:3-12:225\"><strong>Doskona\u0142a przyczepno\u015b\u0107:<\/strong> Wysokiej jako\u015bci materia\u0142 u\u017cyty w ochraniaczach Molojo gwarantuje wyj\u0105tkow\u0105 przyczepno\u015b\u0107 na ka\u017cdej sztandze lub powierzchni, umo\u017cliwiaj\u0105c wykonanie wi\u0119kszej liczby powt\u00f3rze\u0144 i zwi\u0119kszenie si\u0142y.<\/li>\n<li data-sourcepos=\"13:3-13:259\"><strong>Bez magnezu:<\/strong> Zapomnij o problemach zwi\u0105zanych z u\u017cywaniem magnezu. Nasze ochraniacze oferuj\u0105 pewny i niezawodny chwyt bez konieczno\u015bci stosowania \u015brodk\u00f3w chemicznych, co czyni je idealnymi na si\u0142ownie i miejsca, gdzie u\u017cywanie magnezu jest zabronione.<\/li>\n<li data-sourcepos=\"14:3-15:1\"><strong>Trwa\u0142o\u015b\u0107:<\/strong> Zaprojektowane, aby wytrzyma\u0107 codzienne zu\u017cycie, ochraniacze Molojo to d\u0142ugoterminowa inwestycja w Tw\u00f3j trening.<\/li>\n<\/ul>\n<p data-sourcepos=\"16:3-16:15\"><strong>Korzy\u015bci:<\/strong><\/p>\n<ul data-sourcepos=\"18:3-21:1\">\n<li data-sourcepos=\"18:3-18:176\"><strong>Poprawa wydajno\u015bci:<\/strong> Zapewniaj\u0105c bezpieczniejszy chwyt, ochraniacze Molojo pozwalaj\u0105 Ci skoncentrowa\u0107 si\u0119 na wykonywaniu ka\u017cdego \u0107wiczenia i szybciej osi\u0105ga\u0107 swoje cele.<\/li>\n<li data-sourcepos=\"19:3-19:163\"><strong>Zmniejszenie ryzyka kontuzji:<\/strong> Dodatkowa ochrona oferowana przez ochraniacze pomaga zapobiega\u0107 powstawaniu odcisk\u00f3w, modzeli i innych rodzaj\u00f3w uraz\u00f3w d\u0142oni.<\/li>\n<li data-sourcepos=\"20:3-21:1\"><strong>Wszechstronno\u015b\u0107:<\/strong> Idealne do szerokiej gamy dyscyplin, takich jak kalistenika, podnoszenie ci\u0119\u017car\u00f3w, crossfit i wiele innych.<\/li>\n<\/ul>\n<p data-sourcepos=\"22:3-22:35\"><strong>Dlaczego warto wybra\u0107 Molojo?<\/strong><\/p>\n<p data-sourcepos=\"24:3-24:258\">W Molojo pasjonujemy si\u0119 tworzeniem wysokiej jako\u015bci produkt\u00f3w, kt\u00f3re pomog\u0105 Ci osi\u0105gn\u0105\u0107 sw\u00f3j pe\u0142ny potencja\u0142. Nasze ochraniacze s\u0105 efektem wieloletnich bada\u0144 i rozwoju i zosta\u0142y zaprojektowane tak, aby spe\u0142ni\u0107 potrzeby najbardziej wymagaj\u0105cych sportowc\u00f3w.<\/p>\n<p data-sourcepos=\"26:3-26:49\"><strong>Nie czekaj d\u0142u\u017cej, aby do\u015bwiadczy\u0107 r\u00f3\u017cnicy!<\/strong><\/p>\n","protected":false},"excerpt":{"rendered":"<p>&nbsp; Sk\u00f3rki Gimnastyczne Molojo: Wspomagaj sw\u00f3j trening bez magnezu! Nasze Sk\u00f3rki Gimnastyczne Molojo to idealne rozwi\u0105zanie dla sportowc\u00f3w szukaj\u0105cych pewnego [&hellip;]<\/p>\n","protected":false},"featured_media":1306,"comment_status":"open","ping_status":"closed","template":"","meta":{"_uag_custom_page_level_css":"","site-sidebar-layout":"default","site-content-layout":"","ast-site-content-layout":"default","site-content-style":"default","site-sidebar-style":"default","ast-global-header-display":"","ast-banner-title-visibility":"","ast-main-header-display":"","ast-hfb-above-header-display":"","ast-hfb-below-header-display":"","ast-hfb-mobile-header-display":"","site-post-title":"","ast-breadcrumbs-content":"","ast-featured-img":"","footer-sml-layout":"","theme-transparent-header-meta":"default","adv-header-id-meta":"","stick-header-meta":"","header-above-stick-meta":"","header-main-stick-meta":"","header-below-stick-meta":"","astra-migrate-meta-layouts":"set","ast-page-background-enabled":"default","ast-page-background-meta":{"desktop":{"background-color":"var(--ast-global-color-4)","background-image":"","background-repeat":"repeat","background-position":"center center","background-size":"auto","background-attachment":"scroll","background-type":"","background-media":"","overlay-type":"","overlay-color":"","overlay-opacity":"","overlay-gradient":""},"tablet":{"background-color":"","background-image":"","background-repeat":"repeat","background-position":"center center","background-size":"auto","background-attachment":"scroll","background-type":"","background-media":"","overlay-type":"","overlay-color":"","overlay-opacity":"","overlay-gradient":""},"mobile":{"background-color":"","background-image":"","background-repeat":"repeat","background-position":"center center","background-size":"auto","background-attachment":"scroll","background-type":"","background-media":"","overlay-type":"","overlay-color":"","overlay-opacity":"","overlay-gradient":""}},"ast-content-background-meta":{"desktop":{"background-color":"var(--ast-global-color-5)","background-image":"","background-repeat":"repeat","background-position":"center center","background-size":"auto","background-attachment":"scroll","background-type":"","background-media":"","overlay-type":"","overlay-color":"","overlay-opacity":"","overlay-gradient":""},"tablet":{"background-color":"var(--ast-global-color-5)","background-image":"","background-repeat":"repeat","background-position":"center center","background-size":"auto","background-attachment":"scroll","background-type":"","background-media":"","overlay-type":"","overlay-color":"","overlay-opacity":"","overlay-gradient":""},"mobile":{"background-color":"var(--ast-global-color-5)","background-image":"","background-repeat":"repeat","background-position":"center center","background-size":"auto","background-attachment":"scroll","background-type":"","background-media":"","overlay-type":"","overlay-color":"","overlay-opacity":"","overlay-gradient":""}}},"product_brand":[],"product_cat":[81],"product_tag":[],"class_list":{"0":"post-1240","1":"product","2":"type-product","3":"status-publish","4":"has-post-thumbnail","6":"product_cat-skorki-gimnastyczne","7":"desktop-align-left","8":"tablet-align-left","9":"mobile-align-left","11":"first","12":"instock","13":"sale","14":"taxable","15":"shipping-taxable","16":"purchasable","17":"product-type-simple"},"uagb_featured_image_src":{"full":["https:\/\/molojo.eu\/wp-content\/uploads\/2024\/10\/img_0477-scaled.jpeg",1920,2560,false],"thumbnail":["https:\/\/molojo.eu\/wp-content\/uploads\/2024\/10\/img_0477-150x150.jpeg",150,150,true],"medium":["https:\/\/molojo.eu\/wp-content\/uploads\/2024\/10\/img_0477-225x300.jpeg",225,300,true],"medium_large":["https:\/\/molojo.eu\/wp-content\/uploads\/2024\/10\/img_0477-768x1024.jpeg",768,1024,true],"large":["https:\/\/molojo.eu\/wp-content\/uploads\/2024\/10\/img_0477-768x1024.jpeg",768,1024,true],"1536x1536":["https:\/\/molojo.eu\/wp-content\/uploads\/2024\/10\/img_0477-1152x1536.jpeg",1152,1536,true],"2048x2048":["https:\/\/molojo.eu\/wp-content\/uploads\/2024\/10\/img_0477-1536x2048.jpeg",1536,2048,true],"woocommerce_thumbnail":["https:\/\/molojo.eu\/wp-content\/uploads\/2024\/10\/img_0477-300x300.jpeg",300,300,true],"woocommerce_single":["https:\/\/molojo.eu\/wp-content\/uploads\/2024\/10\/img_0477-600x800.jpeg",600,800,true],"woocommerce_gallery_thumbnail":["https:\/\/molojo.eu\/wp-content\/uploads\/2024\/10\/img_0477-100x100.jpeg",100,100,true],"dgwt-wcas-product-suggestion":["https:\/\/molojo.eu\/wp-content\/uploads\/2024\/10\/img_0477-64x85.jpeg",64,85,true]},"uagb_author_info":{"display_name":"betzenuhya","author_link":"https:\/\/molojo.eu\/index.php\/author\/"},"uagb_comment_info":4,"uagb_excerpt":"&nbsp; Sk\u00f3rki Gimnastyczne Molojo: Wspomagaj sw\u00f3j trening bez magnezu! Nasze Sk\u00f3rki Gimnastyczne Molojo to idealne rozwi\u0105zanie dla sportowc\u00f3w szukaj\u0105cych pewnego [&hellip;]","jetpack_sharing_enabled":true,"_links":{"self":[{"href":"https:\/\/molojo.eu\/index.php\/wp-json\/wp\/v2\/product\/1240","targetHints":{"allow":["GET"]}}],"collection":[{"href":"https:\/\/molojo.eu\/index.php\/wp-json\/wp\/v2\/product"}],"about":[{"href":"https:\/\/molojo.eu\/index.php\/wp-json\/wp\/v2\/types\/product"}],"replies":[{"embeddable":true,"href":"https:\/\/molojo.eu\/index.php\/wp-json\/wp\/v2\/comments?post=1240"}],"wp:featuredmedia":[{"embeddable":true,"href":"https:\/\/molojo.eu\/index.php\/wp-json\/wp\/v2\/media\/1306"}],"wp:attachment":[{"href":"https:\/\/molojo.eu\/index.php\/wp-json\/wp\/v2\/media?parent=1240"}],"wp:term":[{"taxonomy":"product_brand","embeddable":true,"href":"https:\/\/molojo.eu\/index.php\/wp-json\/wp\/v2\/product_brand?post=1240"},{"taxonomy":"product_cat","embeddable":true,"href":"https:\/\/molojo.eu\/index.php\/wp-json\/wp\/v2\/product_cat?post=1240"},{"taxonomy":"product_tag","embeddable":true,"href":"https:\/\/molojo.eu\/index.php\/wp-json\/wp\/v2\/product_tag?post=1240"}],"curies":[{"name":"wp","href":"https:\/\/api.w.org\/{rel}","templated":true}]}}