{"id":20,"date":"2024-02-29T16:02:33","date_gmt":"2024-02-29T15:02:33","guid":{"rendered":"https:\/\/molojo.eu\/?page_id=20"},"modified":"2024-10-17T20:38:50","modified_gmt":"2024-10-17T18:38:50","slug":"polityka-zwrotow","status":"publish","type":"page","link":"https:\/\/molojo.eu\/index.php\/polityka-zwrotow\/","title":{"rendered":"Polityka zwrot\u00f3w"},"content":{"rendered":"\n<p><\/p>\n\n\n\n<p><h3>Przegl\u0105d<\/h3><\/p>\n\n\n\n<p>Nasza polityka zwrot\u00f3w i zwrot\u00f3w obowi\u0105zuje przez 14 dni. Je\u015bli od zakupu min\u0119\u0142o 14 dni, nie mo\u017cemy zaoferowa\u0107 pe\u0142nego zwrotu pieni\u0119dzy ani wymiany.<\/p>\n\n\n\n<p>Aby kwalifikowa\u0107 si\u0119 do zwrotu, Tw\u00f3j przedmiot musi by\u0107 nieu\u017cywany i w takim samym stanie, w jakim go otrzyma\u0142e\u015b. Musi by\u0107 tak\u017ce w oryginalnym opakowaniu.<\/p>\n\n\n\n<p>Kilka rodzaj\u00f3w towar\u00f3w jest zwolnionych ze zwrotu. Towary \u0142atwo psuj\u0105ce si\u0119, takie jak \u017cywno\u015b\u0107, kwiaty, gazety lub czasopisma, nie podlegaj\u0105 zwrotowi. Nie przyjmujemy r\u00f3wnie\u017c produkt\u00f3w b\u0119d\u0105cych artyku\u0142ami intymnymi, sanitarnymi, materia\u0142ami niebezpiecznymi lub \u0142atwopalnymi cieczami lub gazami.<\/p>\n\n\n\n<p>Dodatkowe elementy bezzwrotne:<\/p>\n\n\n\n<ul class=\"wp-block-list\">\n<li>Karty podarunkowe<\/li>\n\n\n\n<li>Oprogramowanie do pobrania<\/li>\n\n\n\n<li>Niekt\u00f3re artyku\u0142y zwi\u0105zane ze zdrowiem i higien\u0105 osobist\u0105<\/li>\n<\/ul>\n\n\n\n<p>Aby sfinalizowa\u0107 zwrot, potrzebujemy paragonu lub dowodu zakupu.<\/p>\n\n\n\n<p>Prosimy nie odsy\u0142a\u0107 zakupionego produktu do producenta.<\/p>\n\n\n\n<p>Istniej\u0105 pewne sytuacje, w kt\u00f3rych przyznawany jest jedynie cz\u0119\u015bciowy zwrot koszt\u00f3w:<\/p>\n\n\n\n<ul class=\"wp-block-list\">\n<li>Ksi\u0105\u017cka z wyra\u017anymi \u015bladami u\u017cytkowania<\/li>\n\n\n\n<li>Otwarta p\u0142yta CD, DVD, kaseta VHS, oprogramowanie, gra wideo, kaseta magnetofonowa lub p\u0142yta winylowa.<\/li>\n\n\n\n<li>Ka\u017cdy przedmiot, kt\u00f3ry nie jest w oryginalnym stanie, jest uszkodzony lub brakuje mu cz\u0119\u015bci z przyczyn niezale\u017cnych od naszego b\u0142\u0119du.<\/li>\n\n\n\n<li>Ka\u017cdy przedmiot, kt\u00f3ry zostanie zwr\u00f3cony w terminie d\u0142u\u017cszym ni\u017c 30 dni od daty dostawy<\/li>\n<\/ul>\n\n\n\n<p><h2>Zwroty pieni\u0119dzy<\/h2><\/p>\n\n\n\n<p>Po otrzymaniu i sprawdzeniu Twojego zwrotu wy\u015blemy Ci wiadomo\u015b\u0107 e-mail z powiadomieniem, \u017ce otrzymali\u015bmy zwr\u00f3cony przedmiot. Powiadomimy Ci\u0119 r\u00f3wnie\u017c o zatwierdzeniu lub odrzuceniu zwrotu pieni\u0119dzy.<\/p>\n\n\n\n<p>Je\u015bli zostaniesz zatwierdzony, Tw\u00f3j zwrot zostanie przetworzony, a kredyt zostanie automatycznie zastosowany do Twojej karty kredytowej lub oryginalnej metody p\u0142atno\u015bci w ci\u0105gu okre\u015blonej liczby dni.<\/p>\n\n\n\n<p><b>Sp\u00f3\u017anione lub brakuj\u0105ce zwroty pieni\u0119dzy<\/b><\/p>\n\n\n\n<p>Je\u015bli nie otrzyma\u0142e\u015b jeszcze zwrotu pieni\u0119dzy, najpierw sprawd\u017a ponownie swoje konto bankowe.<\/p>\n\n\n\n<p>Nast\u0119pnie skontaktuj si\u0119 z wystawc\u0105 karty kredytowej. Oficjalne zaksi\u0119gowanie zwrotu mo\u017ce zaj\u0105\u0107 troch\u0119 czasu.<\/p>\n\n\n\n<p>Nast\u0119pnie skontaktuj si\u0119 ze swoim bankiem. Zanim zaksi\u0119gowany zostanie zwrot pieni\u0119dzy, cz\u0119sto up\u0142ywa pewien czas.<\/p>\n\n\n\n<p>Je\u015bli to wszystko wykona\u0142e\u015b i nadal nie otrzyma\u0142e\u015b zwrotu pieni\u0119dzy, skontaktuj si\u0119 z nami pod adresem: info@molojo.eu<\/p>\n\n\n\n<p><b>Wyprzeda\u017c przedmiot\u00f3w<\/b><\/p>\n\n\n\n<p>Zwrotowi podlegaj\u0105 wy\u0142\u0105cznie produkty w cenie regularnej. Przedmioty obj\u0119te wyprzeda\u017c\u0105 nie podlegaj\u0105 zwrotowi.<\/p>\n\n\n\n<p><h2>Wymiany<\/h2><\/p>\n\n\n\n<p>Wymieniamy produkty tylko wtedy, gdy s\u0105 wadliwe lub uszkodzone. Je\u015bli chcesz wymieni\u0107 go na ten sam przedmiot, wy\u015blij nam e-mail na adres info@molojo.eu i wy\u015blij sw\u00f3j przedmiot na adres: 59-230 Prochowice ul. Sienkiewicza 30\/2, Polska..<\/p>\n\n\n\n<p><h2>Prezenty<\/h2><\/p>\n\n\n\n<p>Je\u015bli przedmiot zosta\u0142 oznaczony jako prezent przy zakupie i wys\u0142aniu bezpo\u015brednio do Ciebie, otrzymasz kredyt podarunkowy o warto\u015bci zwrotu. Po otrzymaniu zwr\u00f3conego przedmiotu, bon upominkowy zostanie wys\u0142any do Ciebie poczt\u0105.<\/p>\n\n\n\n<p>Je\u015bli przedmiot nie zosta\u0142 oznaczony jako prezent przy zakupie lub dawca prezentu wys\u0142a\u0142 zam\u00f3wienie do siebie, aby przekaza\u0107 je p\u00f3\u017aniej, wy\u015blemy zwrot pieni\u0119dzy do dawcy prezentu, a on dowie si\u0119 o Twoim zwrocie.<\/p>\n\n\n\n<p><h2>Dostawa i zwroty<\/h2><\/p>\n\n\n\n<p>Aby zwr\u00f3ci\u0107 produkt, nale\u017cy go wys\u0142a\u0107 poczt\u0105 na adres: 59-230 Prochowice ul. Sienkiewicza 30\/2, Polska..<\/p>\n\n\n\n<p>B\u0119dziesz odpowiedzialny za op\u0142acenie w\u0142asnych koszt\u00f3w wysy\u0142ki w przypadku zwrotu przedmiotu. Koszty wysy\u0142ki nie podlegaj\u0105 zwrotowi. Je\u015bli otrzymasz zwrot pieni\u0119dzy, koszt przesy\u0142ki zwrotnej zostanie odliczony od Twojego zwrotu.<\/p>\n\n\n\n<p>W zale\u017cno\u015bci od tego, gdzie mieszkasz, czas dotarcia wymienianego produktu do Ciebie mo\u017ce si\u0119 r\u00f3\u017cni\u0107.<\/p>\n\n\n\n<p>Je\u015bli zwracasz dro\u017csze produkty, mo\u017cesz rozwa\u017cy\u0107 skorzystanie z us\u0142ugi \u015bledzenia przesy\u0142ki lub wykupienie ubezpieczenia przesy\u0142ki. Nie gwarantujemy, \u017ce otrzymamy zwr\u00f3cony przedmiot.<\/p>\n\n\n\n<p><h2>Potrzebuj\u0119 pomocy?<\/h2><\/p>\n\n\n\n<p>Skontaktuj si\u0119 z nami pod adresem info@molojo.eu, je\u015bli masz pytania dotycz\u0105ce zwrot\u00f3w pieni\u0119dzy i zwrot\u00f3w.<\/p>\n","protected":false},"excerpt":{"rendered":"<p>Przegl\u0105d Nasza polityka zwrot\u00f3w i zwrot\u00f3w obowi\u0105zuje przez 14 dni. Je\u015bli od zakupu min\u0119\u0142o 14 dni, nie mo\u017cemy zaoferowa\u0107 pe\u0142nego [&hellip;]<\/p>\n","protected":false},"author":1,"featured_media":0,"parent":0,"menu_order":0,"comment_status":"closed","ping_status":"closed","template":"","meta":{"_uag_custom_page_level_css":"","site-sidebar-layout":"default","site-content-layout":"","ast-site-content-layout":"default","site-content-style":"default","site-sidebar-style":"default","ast-global-header-display":"","ast-banner-title-visibility":"","ast-main-header-display":"","ast-hfb-above-header-display":"","ast-hfb-below-header-display":"","ast-hfb-mobile-header-display":"","site-post-title":"","ast-breadcrumbs-content":"","ast-featured-img":"","footer-sml-layout":"","theme-transparent-header-meta":"","adv-header-id-meta":"","stick-header-meta":"","header-above-stick-meta":"","header-main-stick-meta":"","header-below-stick-meta":"","astra-migrate-meta-layouts":"default","ast-page-background-enabled":"default","ast-page-background-meta":{"desktop":{"background-color":"var(--ast-global-color-4)","background-image":"","background-repeat":"repeat","background-position":"center center","background-size":"auto","background-attachment":"scroll","background-type":"","background-media":"","overlay-type":"","overlay-color":"","overlay-opacity":"","overlay-gradient":""},"tablet":{"background-color":"","background-image":"","background-repeat":"repeat","background-position":"center center","background-size":"auto","background-attachment":"scroll","background-type":"","background-media":"","overlay-type":"","overlay-color":"","overlay-opacity":"","overlay-gradient":""},"mobile":{"background-color":"","background-image":"","background-repeat":"repeat","background-position":"center center","background-size":"auto","background-attachment":"scroll","background-type":"","background-media":"","overlay-type":"","overlay-color":"","overlay-opacity":"","overlay-gradient":""}},"ast-content-background-meta":{"desktop":{"background-color":"var(--ast-global-color-5)","background-image":"","background-repeat":"repeat","background-position":"center center","background-size":"auto","background-attachment":"scroll","background-type":"","background-media":"","overlay-type":"","overlay-color":"","overlay-opacity":"","overlay-gradient":""},"tablet":{"background-color":"var(--ast-global-color-5)","background-image":"","background-repeat":"repeat","background-position":"center center","background-size":"auto","background-attachment":"scroll","background-type":"","background-media":"","overlay-type":"","overlay-color":"","overlay-opacity":"","overlay-gradient":""},"mobile":{"background-color":"var(--ast-global-color-5)","background-image":"","background-repeat":"repeat","background-position":"center center","background-size":"auto","background-attachment":"scroll","background-type":"","background-media":"","overlay-type":"","overlay-color":"","overlay-opacity":"","overlay-gradient":""}},"footnotes":""},"class_list":["post-20","page","type-page","status-publish","hentry"],"uagb_featured_image_src":{"full":false,"thumbnail":false,"medium":false,"medium_large":false,"large":false,"1536x1536":false,"2048x2048":false,"woocommerce_thumbnail":false,"woocommerce_single":false,"woocommerce_gallery_thumbnail":false,"dgwt-wcas-product-suggestion":false},"uagb_author_info":{"display_name":"betzenuhya","author_link":"https:\/\/molojo.eu\/index.php\/author\/betzenuhya\/"},"uagb_comment_info":0,"uagb_excerpt":"Przegl\u0105d Nasza polityka zwrot\u00f3w i zwrot\u00f3w obowi\u0105zuje przez 14 dni. Je\u015bli od zakupu min\u0119\u0142o 14 dni, nie mo\u017cemy zaoferowa\u0107 pe\u0142nego [&hellip;]","jetpack_sharing_enabled":true,"_links":{"self":[{"href":"https:\/\/molojo.eu\/index.php\/wp-json\/wp\/v2\/pages\/20","targetHints":{"allow":["GET"]}}],"collection":[{"href":"https:\/\/molojo.eu\/index.php\/wp-json\/wp\/v2\/pages"}],"about":[{"href":"https:\/\/molojo.eu\/index.php\/wp-json\/wp\/v2\/types\/page"}],"author":[{"embeddable":true,"href":"https:\/\/molojo.eu\/index.php\/wp-json\/wp\/v2\/users\/1"}],"replies":[{"embeddable":true,"href":"https:\/\/molojo.eu\/index.php\/wp-json\/wp\/v2\/comments?post=20"}],"version-history":[{"count":5,"href":"https:\/\/molojo.eu\/index.php\/wp-json\/wp\/v2\/pages\/20\/revisions"}],"predecessor-version":[{"id":1290,"href":"https:\/\/molojo.eu\/index.php\/wp-json\/wp\/v2\/pages\/20\/revisions\/1290"}],"wp:attachment":[{"href":"https:\/\/molojo.eu\/index.php\/wp-json\/wp\/v2\/media?parent=20"}],"curies":[{"name":"wp","href":"https:\/\/api.w.org\/{rel}","templated":true}]}}