{"id":151,"date":"2024-02-18T19:48:09","date_gmt":"2024-02-18T18:48:09","guid":{"rendered":"https:\/\/molojo.eu\/?page_id=151"},"modified":"2025-06-29T18:30:34","modified_gmt":"2025-06-29T16:30:34","slug":"o-nas","status":"publish","type":"page","link":"https:\/\/molojo.eu\/index.php\/o-nas\/","title":{"rendered":"O nas"},"content":{"rendered":"\n<div class=\"wp-block-uagb-container uagb-block-deadfce3 alignfull uagb-is-root-container\"><div class=\"uagb-container-inner-blocks-wrap\">\n<div class=\"wp-block-uagb-info-box uagb-block-49450b2b uagb-infobox__content-wrap  uagb-infobox-icon-above-title uagb-infobox-image-valign-top\"><div class=\"uagb-ifb-content\"><div class=\"uagb-ifb-title-wrap\"><h3 class=\"uagb-ifb-title\">Akcesoria Sportowe, kt\u00f3re Wzmocni\u0105 Twoj\u0105 Wydajno\u015b\u0107<\/h3><\/div><p class=\"uagb-ifb-desc\">Cze\u015b\u0107! Pozw\u00f3l, \u017ce przedstawi\u0119 Ci&nbsp;<strong>Molojo<\/strong>, wschodz\u0105c\u0105 mark\u0119 w \u015bwiecie akcesori\u00f3w sportowych, dedykowan\u0105 wzmocnieniu Twojej wydajno\u015bci i komfortu podczas ka\u017cdego treningu i zawod\u00f3w.<br>Kim jeste\u015bmy?<br>W Molojo wierzymy, \u017ce ma\u0142e detale robi\u0105 du\u017c\u0105 r\u00f3\u017cnic\u0119. Specjalizujemy si\u0119 w projektowaniu i produkcji wysokiej jako\u015bci akcesori\u00f3w sportowych, przeznaczonych dla sportowc\u00f3w na wszystkich poziomach zaawansowania, od amator\u00f3w po profesjonalist\u00f3w. Naszym celem jest by\u0107 Twoim sprzymierze\u0144cem na ka\u017cdym etapie Twojej sportowej \u015bcie\u017cki, oferuj\u0105c innowacyjne i funkcjonalne produkty.<\/p><\/div><\/div>\n\n\n\n<div class=\"wp-block-uagb-info-box uagb-block-b2f1c343 uagb-infobox__content-wrap  uagb-infobox-icon-above-title uagb-infobox-image-valign-top\"><div class=\"uagb-ifb-content\"><div class=\"uagb-ifb-title-wrap\"><h3 class=\"uagb-ifb-title\"><strong>Nasza Filozofia:<\/strong><\/h3><\/div><p class=\"uagb-ifb-desc\"><strong>Jako\u015b\u0107 i Trwa\u0142o\u015b\u0107:<\/strong>\u00a0U\u017cywamy najwy\u017cszej jako\u015bci materia\u0142\u00f3w i rygorystycznych proces\u00f3w produkcyjnych, aby zapewni\u0107, \u017ce ka\u017cde akcesorium Molojo wytrzyma rygor Twoich najbardziej wymagaj\u0105cych trening\u00f3w.<br><strong>Inteligentny Design:<\/strong>\u00a0Skupiamy si\u0119 nie tylko na funkcjonalno\u015bci, ale tak\u017ce na\u00a0<strong>ergonomicznym i estetycznym wzornictwie<\/strong>. Nasze produkty s\u0105 wygodne, praktyczne i maj\u0105 nowoczesny styl.<br><strong>Zwi\u0119kszona Wydajno\u015b\u0107:<\/strong>\u00a0Wszystkie akcesoria Molojo zosta\u0142y zaprojektowane tak, aby pom\u00f3c Ci\u00a0<strong>zoptymalizowa\u0107 Twoj\u0105 wydajno\u015b\u0107<\/strong>, niezale\u017cnie od tego czy poprawia Tw\u00f3j chwyt, chroni Ci\u0119 przed kontuzjami, czy te\u017c u\u0142atwia nawodnienie.<br><strong>Ci\u0105g\u0142e Innowacje:<\/strong>\u00a0Nieustannie badamy i rozwijamy nowe rozwi\u0105zania, aby sprosta\u0107 zmieniaj\u0105cym si\u0119 potrzebom spo\u0142eczno\u015bci sportowej.<br><\/p><\/div><\/div>\n\n\n\n<div class=\"wp-block-uagb-info-box uagb-block-b26cd846 uagb-infobox__content-wrap  uagb-infobox-icon-above-title uagb-infobox-image-valign-top\"><div class=\"uagb-ifb-content\"><div class=\"uagb-ifb-title-wrap\"><h3 class=\"uagb-ifb-title\">Nasza Gama Produkt\u00f3w<\/h3><\/div><p class=\"uagb-ifb-desc\">Chocia\u017c Molojo stale si\u0119 rozwija, nasza obecna linia akcesori\u00f3w sportowych obejmuje:<br><strong>Sk\u00f3rki:<\/strong>\u00a0Dla mocniejszego i bardziej skoncentrowanego treningu chwytu.<br><strong>Stabilizatory kolan:<\/strong>\u00a0Zaprojektowane, aby zapewni\u0107 wsparcie i ochron\u0119 podczas \u0107wicze\u0144 o du\u017cej intensywno\u015bci lub podnoszenia ci\u0119\u017car\u00f3w.<br><strong>Skakanki:<\/strong>\u00a0Idealne do poprawy zwinno\u015bci, wytrzyma\u0142o\u015bci kardio i koordynacji.<br><strong>Opaski na nadgarstki:<\/strong>\u00a0Aby oferowa\u0107 wsparcie i stabilno\u015b\u0107 Twoim nadgarstkom podczas podnoszenia ci\u0119\u017car\u00f3w lub innych \u0107wicze\u0144.<br><strong>Wkr\u00f3tce wysokiej jako\u015bci suplementy sportowe:<\/strong>\u00a0Pracujemy nad rozszerzeniem naszej oferty o lini\u0119 suplement\u00f3w, kt\u00f3re poprawi\u0105 Twoj\u0105 wydajno\u015b\u0107.<\/p><\/div><\/div>\n\n\n\n<div class=\"wp-block-uagb-info-box uagb-block-23571b78 uagb-infobox__content-wrap  uagb-infobox-icon-above-title uagb-infobox-image-valign-top\"><div class=\"uagb-ifb-content\"><div class=\"uagb-ifb-title-wrap\"><h3 class=\"uagb-ifb-title\">Dlaczego warto wybra\u0107 Molojo?<\/h3><\/div><p class=\"uagb-ifb-desc\">Wyb\u00f3r Molojo oznacza postawienie na zaufanie, jako\u015b\u0107 i zaanga\u017cowanie w Twoj\u0105 wydajno\u015b\u0107. Staramy si\u0119 by\u0107 mark\u0105, kt\u00f3rej mo\u017cesz zaufa\u0107, aby wyposa\u017cy\u0107 Ci\u0119 w to, co najlepsze, pozwalaj\u0105c Ci skupi\u0107 si\u0119 na swoich celach i przekracza\u0107 w\u0142asne granice.<br>Jeste\u015bmy podekscytowani, \u017ce mo\u017cemy towarzyszy\u0107 Ci w Twojej sportowej podr\u00f3\u017cy. Odkryj jak Molojo mo\u017ce zmieni\u0107 Tw\u00f3j trening!<br>Masz pytania dotycz\u0105ce naszych produkt\u00f3w, czy mo\u017ce chcesz dowiedzie\u0107 si\u0119 wi\u0119cej o Molojo? <\/p><\/div><\/div>\n\n\n\n<div class=\"wp-block-uagb-buttons uagb-buttons__outer-wrap uagb-btn__default-btn uagb-btn-tablet__default-btn uagb-btn-mobile__default-btn uagb-block-39df2ee3\" id=\"https:\/\/molojo.eu\/index.php\/kontakt\/\"><div class=\"uagb-buttons__wrap uagb-buttons-layout-wrap \">\n<div class=\"wp-block-uagb-buttons-child uagb-buttons__outer-wrap uagb-block-308ca549 wp-block-button https:\/\/molojo.eu\/index.php\/kontakt\/\" id=\"https:\/\/molojo.eu\/index.php\/kontakt\/\"><div class=\"uagb-button__wrapper\"><a class=\"uagb-buttons-repeater wp-block-button__link\" aria-label=\"\" href=\"https:\/\/molojo.eu\/index.php\/kontakt\/\" rel=\"follow noopener\" target=\"_self\" role=\"button\"><div class=\"uagb-button__link\">Kontakt<\/div><\/a><\/div><\/div>\n<\/div><\/div>\n<\/div><\/div>\n\n\n\n<p><\/p>\n","protected":false},"excerpt":{"rendered":"","protected":false},"author":1,"featured_media":0,"parent":0,"menu_order":0,"comment_status":"closed","ping_status":"closed","template":"","meta":{"_uag_custom_page_level_css":"","site-sidebar-layout":"default","site-content-layout":"","ast-site-content-layout":"default","site-content-style":"default","site-sidebar-style":"default","ast-global-header-display":"","ast-banner-title-visibility":"","ast-main-header-display":"","ast-hfb-above-header-display":"","ast-hfb-below-header-display":"","ast-hfb-mobile-header-display":"","site-post-title":"","ast-breadcrumbs-content":"","ast-featured-img":"","footer-sml-layout":"","theme-transparent-header-meta":"","adv-header-id-meta":"","stick-header-meta":"","header-above-stick-meta":"","header-main-stick-meta":"","header-below-stick-meta":"","astra-migrate-meta-layouts":"default","ast-page-background-enabled":"default","ast-page-background-meta":{"desktop":{"background-color":"var(--ast-global-color-4)","background-image":"","background-repeat":"repeat","background-position":"center center","background-size":"auto","background-attachment":"scroll","background-type":"","background-media":"","overlay-type":"","overlay-color":"","overlay-opacity":"","overlay-gradient":""},"tablet":{"background-color":"","background-image":"","background-repeat":"repeat","background-position":"center center","background-size":"auto","background-attachment":"scroll","background-type":"","background-media":"","overlay-type":"","overlay-color":"","overlay-opacity":"","overlay-gradient":""},"mobile":{"background-color":"","background-image":"","background-repeat":"repeat","background-position":"center center","background-size":"auto","background-attachment":"scroll","background-type":"","background-media":"","overlay-type":"","overlay-color":"","overlay-opacity":"","overlay-gradient":""}},"ast-content-background-meta":{"desktop":{"background-color":"var(--ast-global-color-5)","background-image":"","background-repeat":"repeat","background-position":"center center","background-size":"auto","background-attachment":"scroll","background-type":"","background-media":"","overlay-type":"","overlay-color":"","overlay-opacity":"","overlay-gradient":""},"tablet":{"background-color":"var(--ast-global-color-5)","background-image":"","background-repeat":"repeat","background-position":"center center","background-size":"auto","background-attachment":"scroll","background-type":"","background-media":"","overlay-type":"","overlay-color":"","overlay-opacity":"","overlay-gradient":""},"mobile":{"background-color":"var(--ast-global-color-5)","background-image":"","background-repeat":"repeat","background-position":"center center","background-size":"auto","background-attachment":"scroll","background-type":"","background-media":"","overlay-type":"","overlay-color":"","overlay-opacity":"","overlay-gradient":""}},"footnotes":"[]"},"class_list":["post-151","page","type-page","status-publish","hentry"],"uagb_featured_image_src":{"full":false,"thumbnail":false,"medium":false,"medium_large":false,"large":false,"1536x1536":false,"2048x2048":false,"woocommerce_thumbnail":false,"woocommerce_single":false,"woocommerce_gallery_thumbnail":false,"dgwt-wcas-product-suggestion":false},"uagb_author_info":{"display_name":"betzenuhya","author_link":"https:\/\/molojo.eu\/index.php\/author\/betzenuhya\/"},"uagb_comment_info":0,"uagb_excerpt":null,"jetpack_sharing_enabled":true,"_links":{"self":[{"href":"https:\/\/molojo.eu\/index.php\/wp-json\/wp\/v2\/pages\/151","targetHints":{"allow":["GET"]}}],"collection":[{"href":"https:\/\/molojo.eu\/index.php\/wp-json\/wp\/v2\/pages"}],"about":[{"href":"https:\/\/molojo.eu\/index.php\/wp-json\/wp\/v2\/types\/page"}],"author":[{"embeddable":true,"href":"https:\/\/molojo.eu\/index.php\/wp-json\/wp\/v2\/users\/1"}],"replies":[{"embeddable":true,"href":"https:\/\/molojo.eu\/index.php\/wp-json\/wp\/v2\/comments?post=151"}],"version-history":[{"count":25,"href":"https:\/\/molojo.eu\/index.php\/wp-json\/wp\/v2\/pages\/151\/revisions"}],"predecessor-version":[{"id":1462,"href":"https:\/\/molojo.eu\/index.php\/wp-json\/wp\/v2\/pages\/151\/revisions\/1462"}],"wp:attachment":[{"href":"https:\/\/molojo.eu\/index.php\/wp-json\/wp\/v2\/media?parent=151"}],"curies":[{"name":"wp","href":"https:\/\/api.w.org\/{rel}","templated":true}]}}